{"id":27,"date":"2022-05-29T19:24:19","date_gmt":"2022-05-29T19:24:19","guid":{"rendered":"https:\/\/my-iq-tester.com\/blog\/?page_id=27"},"modified":"2022-05-30T19:11:31","modified_gmt":"2022-05-30T19:11:31","slug":"che-cose-il-qi","status":"publish","type":"page","link":"https:\/\/my-iq-tester.com\/blog\/it\/che-cose-il-qi\/","title":{"rendered":"Che cos&#8217;\u00e8 il QI?"},"content":{"rendered":"\n<p>Il Q.I. (quoziente di intelligenza) in generale \u00e8 una valutazione della capacit\u00e0 di pensare e ragionare. Il punteggio del QI \u00e8 un modo standardizzato di confrontare questa capacit\u00e0 con la maggior parte delle persone della vostra stessa et\u00e0. Un punteggio di 100 significa che, rispetto alle persone della vostra stessa et\u00e0, avete un&#8217;intelligenza media. Secondo la maggior parte degli psicologi, chi ottiene un punteggio compreso tra 95 e 105 ha un&#8217;intelligenza normale o un QI medio. Il punteggio effettivo del QI pu\u00f2 variare di pi\u00f9 o meno cinque punti, poich\u00e9 \u00e8 molto difficile ottenere un punteggio del QI con assoluta precisione. Tenete presente che ci sono molti fattori esterni che possono avere un impatto negativo sul vostro punteggio. Ad esempio, se non ci si sente bene al momento di fare il test. Oppure se si \u00e8 distratti da qualcosa in quel particolare giorno. Questi fattori possono influenzare il vostro punteggio. Inoltre, il quoziente intellettivo non \u00e8 l&#8217;insieme delle capacit\u00e0 di una persona nella vita. Il punteggio del QI non misura cose come la destrezza manuale (ovviamente), il talento musicale e una serie di altre abilit\u00e0 che possono portare a molti successi nella vita. Tuttavia, il punteggio ottenuto in un test del QI fornisce un&#8217;indicazione abbastanza precisa della capacit\u00e0 di pensare, ragionare e risolvere problemi, che spesso pu\u00f2 essere fondamentale in molte fasi della vita.<\/p>\n","protected":false},"excerpt":{"rendered":"<p>Il Q.I. (quoziente di intelligenza) in generale \u00e8 una valutazione della capacit\u00e0 di pensare e ragionare. Il punteggio del QI \u00e8 un modo standardizzato di confrontare questa capacit\u00e0 con la maggior parte delle persone della vostra stessa et\u00e0. Un punteggio di 100 significa che, rispetto alle persone della vostra stessa et\u00e0, avete un&#8217;intelligenza media. Secondo&hellip;&nbsp;<\/p>\n","protected":false},"author":1,"featured_media":0,"parent":0,"menu_order":0,"comment_status":"closed","ping_status":"closed","template":"wp-custom-template-italiano","meta":{"neve_meta_sidebar":"","neve_meta_container":"","neve_meta_enable_content_width":"","neve_meta_content_width":0,"neve_meta_title_alignment":"","neve_meta_author_avatar":"","neve_post_elements_order":"","neve_meta_disable_header":"","neve_meta_disable_footer":"","neve_meta_disable_title":"","footnotes":""},"class_list":["post-27","page","type-page","status-publish","hentry"],"yoast_head":"<!-- This site is optimized with the Yoast SEO plugin v27.3 - https:\/\/yoast.com\/product\/yoast-seo-wordpress\/ -->\n<title>Che cos&#039;\u00e8 il QI? - My IQ Tester<\/title>\n<meta name=\"robots\" content=\"index, follow, max-snippet:-1, max-image-preview:large, max-video-preview:-1\" \/>\n<link rel=\"canonical\" href=\"https:\/\/my-iq-tester.com\/blog\/it\/che-cose-il-qi\/\" \/>\n<meta property=\"og:locale\" content=\"es_ES\" \/>\n<meta property=\"og:type\" content=\"article\" \/>\n<meta property=\"og:title\" content=\"Che cos&#039;\u00e8 il QI? - My IQ Tester\" \/>\n<meta property=\"og:description\" content=\"Il Q.I. (quoziente di intelligenza) in generale \u00e8 una valutazione della capacit\u00e0 di pensare e ragionare. Il punteggio del QI \u00e8 un modo standardizzato di confrontare questa capacit\u00e0 con la maggior parte delle persone della vostra stessa et\u00e0. Un punteggio di 100 significa che, rispetto alle persone della vostra stessa et\u00e0, avete un&#8217;intelligenza media. Secondo&hellip;&nbsp;\" \/>\n<meta property=\"og:url\" content=\"https:\/\/my-iq-tester.com\/blog\/it\/che-cose-il-qi\/\" \/>\n<meta property=\"og:site_name\" content=\"My IQ Tester\" \/>\n<meta property=\"article:modified_time\" content=\"2022-05-30T19:11:31+00:00\" \/>\n<meta property=\"og:image\" content=\"https:\/\/my-iq-tester.com\/blog\/wp-content\/uploads\/2026\/01\/cropped-logo-1.png\" \/>\n\t<meta property=\"og:image:width\" content=\"512\" \/>\n\t<meta property=\"og:image:height\" content=\"512\" \/>\n\t<meta property=\"og:image:type\" content=\"image\/png\" \/>\n<meta name=\"twitter:card\" content=\"summary_large_image\" \/>\n<meta name=\"twitter:label1\" content=\"Tiempo de lectura\" \/>\n\t<meta name=\"twitter:data1\" content=\"1 minuto\" \/>\n<script type=\"application\/ld+json\" class=\"yoast-schema-graph\">{\"@context\":\"https:\\\/\\\/schema.org\",\"@graph\":[{\"@type\":\"WebPage\",\"@id\":\"https:\\\/\\\/my-iq-tester.com\\\/blog\\\/it\\\/che-cose-il-qi\\\/\",\"url\":\"https:\\\/\\\/my-iq-tester.com\\\/blog\\\/it\\\/che-cose-il-qi\\\/\",\"name\":\"Che cos'\u00e8 il QI? - My IQ Tester\",\"isPartOf\":{\"@id\":\"https:\\\/\\\/my-iq-tester.com\\\/blog\\\/#website\"},\"datePublished\":\"2022-05-29T19:24:19+00:00\",\"dateModified\":\"2022-05-30T19:11:31+00:00\",\"breadcrumb\":{\"@id\":\"https:\\\/\\\/my-iq-tester.com\\\/blog\\\/it\\\/che-cose-il-qi\\\/#breadcrumb\"},\"inLanguage\":\"es\",\"potentialAction\":[{\"@type\":\"ReadAction\",\"target\":[\"https:\\\/\\\/my-iq-tester.com\\\/blog\\\/it\\\/che-cose-il-qi\\\/\"]}]},{\"@type\":\"BreadcrumbList\",\"@id\":\"https:\\\/\\\/my-iq-tester.com\\\/blog\\\/it\\\/che-cose-il-qi\\\/#breadcrumb\",\"itemListElement\":[{\"@type\":\"ListItem\",\"position\":1,\"name\":\"Portada\",\"item\":\"https:\\\/\\\/my-iq-tester.com\\\/blog\\\/\"},{\"@type\":\"ListItem\",\"position\":2,\"name\":\"Che cos&#8217;\u00e8 il QI?\"}]},{\"@type\":\"WebSite\",\"@id\":\"https:\\\/\\\/my-iq-tester.com\\\/blog\\\/#website\",\"url\":\"https:\\\/\\\/my-iq-tester.com\\\/blog\\\/\",\"name\":\"My IQ Tester\",\"description\":\"Take IQ test 2026 now using The most accurate official IQ test available online. Test your IQ and get your results immediately.\",\"publisher\":{\"@id\":\"https:\\\/\\\/my-iq-tester.com\\\/blog\\\/#organization\"},\"alternateName\":\"MyIQTester\",\"potentialAction\":[{\"@type\":\"SearchAction\",\"target\":{\"@type\":\"EntryPoint\",\"urlTemplate\":\"https:\\\/\\\/my-iq-tester.com\\\/blog\\\/?s={search_term_string}\"},\"query-input\":{\"@type\":\"PropertyValueSpecification\",\"valueRequired\":true,\"valueName\":\"search_term_string\"}}],\"inLanguage\":\"es\"},{\"@type\":\"Organization\",\"@id\":\"https:\\\/\\\/my-iq-tester.com\\\/blog\\\/#organization\",\"name\":\"MyIQTester\",\"url\":\"https:\\\/\\\/my-iq-tester.com\\\/blog\\\/\",\"logo\":{\"@type\":\"ImageObject\",\"inLanguage\":\"es\",\"@id\":\"https:\\\/\\\/my-iq-tester.com\\\/blog\\\/#\\\/schema\\\/logo\\\/image\\\/\",\"url\":\"https:\\\/\\\/my-iq-tester.com\\\/blog\\\/wp-content\\\/uploads\\\/2022\\\/05\\\/logo.png\",\"contentUrl\":\"https:\\\/\\\/my-iq-tester.com\\\/blog\\\/wp-content\\\/uploads\\\/2022\\\/05\\\/logo.png\",\"width\":261,\"height\":261,\"caption\":\"MyIQTester\"},\"image\":{\"@id\":\"https:\\\/\\\/my-iq-tester.com\\\/blog\\\/#\\\/schema\\\/logo\\\/image\\\/\"}}]}<\/script>\n<!-- \/ Yoast SEO plugin. -->","yoast_head_json":{"title":"Che cos'\u00e8 il QI? - My IQ Tester","robots":{"index":"index","follow":"follow","max-snippet":"max-snippet:-1","max-image-preview":"max-image-preview:large","max-video-preview":"max-video-preview:-1"},"canonical":"https:\/\/my-iq-tester.com\/blog\/it\/che-cose-il-qi\/","og_locale":"es_ES","og_type":"article","og_title":"Che cos'\u00e8 il QI? - My IQ Tester","og_description":"Il Q.I. (quoziente di intelligenza) in generale \u00e8 una valutazione della capacit\u00e0 di pensare e ragionare. Il punteggio del QI \u00e8 un modo standardizzato di confrontare questa capacit\u00e0 con la maggior parte delle persone della vostra stessa et\u00e0. Un punteggio di 100 significa che, rispetto alle persone della vostra stessa et\u00e0, avete un&#8217;intelligenza media. Secondo&hellip;&nbsp;","og_url":"https:\/\/my-iq-tester.com\/blog\/it\/che-cose-il-qi\/","og_site_name":"My IQ Tester","article_modified_time":"2022-05-30T19:11:31+00:00","og_image":[{"width":512,"height":512,"url":"https:\/\/my-iq-tester.com\/blog\/wp-content\/uploads\/2026\/01\/cropped-logo-1.png","type":"image\/png"}],"twitter_card":"summary_large_image","twitter_misc":{"Tiempo de lectura":"1 minuto"},"schema":{"@context":"https:\/\/schema.org","@graph":[{"@type":"WebPage","@id":"https:\/\/my-iq-tester.com\/blog\/it\/che-cose-il-qi\/","url":"https:\/\/my-iq-tester.com\/blog\/it\/che-cose-il-qi\/","name":"Che cos'\u00e8 il QI? - My IQ Tester","isPartOf":{"@id":"https:\/\/my-iq-tester.com\/blog\/#website"},"datePublished":"2022-05-29T19:24:19+00:00","dateModified":"2022-05-30T19:11:31+00:00","breadcrumb":{"@id":"https:\/\/my-iq-tester.com\/blog\/it\/che-cose-il-qi\/#breadcrumb"},"inLanguage":"es","potentialAction":[{"@type":"ReadAction","target":["https:\/\/my-iq-tester.com\/blog\/it\/che-cose-il-qi\/"]}]},{"@type":"BreadcrumbList","@id":"https:\/\/my-iq-tester.com\/blog\/it\/che-cose-il-qi\/#breadcrumb","itemListElement":[{"@type":"ListItem","position":1,"name":"Portada","item":"https:\/\/my-iq-tester.com\/blog\/"},{"@type":"ListItem","position":2,"name":"Che cos&#8217;\u00e8 il QI?"}]},{"@type":"WebSite","@id":"https:\/\/my-iq-tester.com\/blog\/#website","url":"https:\/\/my-iq-tester.com\/blog\/","name":"My IQ Tester","description":"Take IQ test 2026 now using The most accurate official IQ test available online. Test your IQ and get your results immediately.","publisher":{"@id":"https:\/\/my-iq-tester.com\/blog\/#organization"},"alternateName":"MyIQTester","potentialAction":[{"@type":"SearchAction","target":{"@type":"EntryPoint","urlTemplate":"https:\/\/my-iq-tester.com\/blog\/?s={search_term_string}"},"query-input":{"@type":"PropertyValueSpecification","valueRequired":true,"valueName":"search_term_string"}}],"inLanguage":"es"},{"@type":"Organization","@id":"https:\/\/my-iq-tester.com\/blog\/#organization","name":"MyIQTester","url":"https:\/\/my-iq-tester.com\/blog\/","logo":{"@type":"ImageObject","inLanguage":"es","@id":"https:\/\/my-iq-tester.com\/blog\/#\/schema\/logo\/image\/","url":"https:\/\/my-iq-tester.com\/blog\/wp-content\/uploads\/2022\/05\/logo.png","contentUrl":"https:\/\/my-iq-tester.com\/blog\/wp-content\/uploads\/2022\/05\/logo.png","width":261,"height":261,"caption":"MyIQTester"},"image":{"@id":"https:\/\/my-iq-tester.com\/blog\/#\/schema\/logo\/image\/"}}]}},"_links":{"self":[{"href":"https:\/\/my-iq-tester.com\/blog\/wp-json\/wp\/v2\/pages\/27","targetHints":{"allow":["GET"]}}],"collection":[{"href":"https:\/\/my-iq-tester.com\/blog\/wp-json\/wp\/v2\/pages"}],"about":[{"href":"https:\/\/my-iq-tester.com\/blog\/wp-json\/wp\/v2\/types\/page"}],"author":[{"embeddable":true,"href":"https:\/\/my-iq-tester.com\/blog\/wp-json\/wp\/v2\/users\/1"}],"replies":[{"embeddable":true,"href":"https:\/\/my-iq-tester.com\/blog\/wp-json\/wp\/v2\/comments?post=27"}],"version-history":[{"count":0,"href":"https:\/\/my-iq-tester.com\/blog\/wp-json\/wp\/v2\/pages\/27\/revisions"}],"wp:attachment":[{"href":"https:\/\/my-iq-tester.com\/blog\/wp-json\/wp\/v2\/media?parent=27"}],"curies":[{"name":"wp","href":"https:\/\/api.w.org\/{rel}","templated":true}]}}