{"id":25,"date":"2022-05-29T19:23:35","date_gmt":"2022-05-29T19:23:35","guid":{"rendered":"https:\/\/my-iq-tester.com\/blog\/?page_id=25"},"modified":"2022-05-30T19:10:14","modified_gmt":"2022-05-30T19:10:14","slug":"was-ist-der-iq","status":"publish","type":"page","link":"https:\/\/my-iq-tester.com\/blog\/de\/was-ist-der-iq\/","title":{"rendered":"Was ist der IQ?"},"content":{"rendered":"\n<p>Der IQ (Intelligenzquotient) ist im Allgemeinen eine Bewertung Ihrer F\u00e4higkeit zu denken und zu argumentieren. Der IQ-Wert ist eine standardisierte Methode, um diese F\u00e4higkeit mit der Mehrheit der Menschen im gleichen Alter zu vergleichen. Ein Wert von 100 bedeutet, dass Sie im Vergleich zu den Menschen in Ihrer Altersgruppe im Wesentlichen \u00fcber eine durchschnittliche Intelligenz verf\u00fcgen. Die meisten Psychologen w\u00fcrden sagen, dass Personen mit einem Wert zwischen 95 und 105 eine normale Intelligenz oder einen durchschnittlichen IQ haben. Der tats\u00e4chliche IQ-Wert kann um mehr oder weniger als f\u00fcnf Punkte abweichen, da es sehr schwierig ist, einen IQ-Wert mit absoluter Genauigkeit zu ermitteln. Denken Sie daran, dass es viele \u00e4u\u00dfere Faktoren gibt, die sich negativ auf Ihr Ergebnis auswirken k\u00f6nnen. Zum Beispiel, wenn Sie sich zum Zeitpunkt des Tests nicht wohl f\u00fchlen. Oder vielleicht sind Sie an diesem Tag durch etwas abgelenkt. Diese Dinge k\u00f6nnen sich auf Ihr Ergebnis auswirken. Au\u00dferdem ist der IQ nicht das A und O f\u00fcr die F\u00e4higkeiten einer Person im Leben. Der IQ-Wert misst nicht Dinge wie manuelle Geschicklichkeit (nat\u00fcrlich), musikalisches Talent und eine ganze Reihe anderer F\u00e4higkeiten, die zu vielen verschiedenen Erfolgen im Leben f\u00fchren k\u00f6nnen. Ihr Ergebnis in einem IQ-Test gibt Ihnen jedoch einen ziemlich genauen Hinweis auf Ihre F\u00e4higkeit zu denken, zu argumentieren und Probleme zu l\u00f6sen, was in vielen Lebensphasen entscheidend sein kann.<\/p>\n\n\n\n<hr class=\"wp-block-separator has-alpha-channel-opacity\"\/>\n","protected":false},"excerpt":{"rendered":"<p>Der IQ (Intelligenzquotient) ist im Allgemeinen eine Bewertung Ihrer F\u00e4higkeit zu denken und zu argumentieren. Der IQ-Wert ist eine standardisierte Methode, um diese F\u00e4higkeit mit der Mehrheit der Menschen im gleichen Alter zu vergleichen. Ein Wert von 100 bedeutet, dass Sie im Vergleich zu den Menschen in Ihrer Altersgruppe im Wesentlichen \u00fcber eine durchschnittliche Intelligenz&hellip;&nbsp;<\/p>\n","protected":false},"author":1,"featured_media":0,"parent":0,"menu_order":0,"comment_status":"closed","ping_status":"closed","template":"wp-custom-template-aleman","meta":{"neve_meta_sidebar":"","neve_meta_container":"","neve_meta_enable_content_width":"","neve_meta_content_width":0,"neve_meta_title_alignment":"","neve_meta_author_avatar":"","neve_post_elements_order":"","neve_meta_disable_header":"","neve_meta_disable_footer":"","neve_meta_disable_title":"","footnotes":""},"class_list":["post-25","page","type-page","status-publish","hentry"],"yoast_head":"<!-- This site is optimized with the Yoast SEO plugin v27.3 - https:\/\/yoast.com\/product\/yoast-seo-wordpress\/ -->\n<title>Was ist der IQ? - My IQ Tester<\/title>\n<meta name=\"robots\" content=\"index, follow, max-snippet:-1, max-image-preview:large, max-video-preview:-1\" \/>\n<link rel=\"canonical\" href=\"https:\/\/my-iq-tester.com\/blog\/de\/was-ist-der-iq\/\" \/>\n<meta property=\"og:locale\" content=\"es_ES\" \/>\n<meta property=\"og:type\" content=\"article\" \/>\n<meta property=\"og:title\" content=\"Was ist der IQ? - My IQ Tester\" \/>\n<meta property=\"og:description\" content=\"Der IQ (Intelligenzquotient) ist im Allgemeinen eine Bewertung Ihrer F\u00e4higkeit zu denken und zu argumentieren. Der IQ-Wert ist eine standardisierte Methode, um diese F\u00e4higkeit mit der Mehrheit der Menschen im gleichen Alter zu vergleichen. Ein Wert von 100 bedeutet, dass Sie im Vergleich zu den Menschen in Ihrer Altersgruppe im Wesentlichen \u00fcber eine durchschnittliche Intelligenz&hellip;&nbsp;\" \/>\n<meta property=\"og:url\" content=\"https:\/\/my-iq-tester.com\/blog\/de\/was-ist-der-iq\/\" \/>\n<meta property=\"og:site_name\" content=\"My IQ Tester\" \/>\n<meta property=\"article:modified_time\" content=\"2022-05-30T19:10:14+00:00\" \/>\n<meta property=\"og:image\" content=\"https:\/\/my-iq-tester.com\/blog\/wp-content\/uploads\/2026\/01\/cropped-logo-1.png\" \/>\n\t<meta property=\"og:image:width\" content=\"512\" \/>\n\t<meta property=\"og:image:height\" content=\"512\" \/>\n\t<meta property=\"og:image:type\" content=\"image\/png\" \/>\n<meta name=\"twitter:card\" content=\"summary_large_image\" \/>\n<meta name=\"twitter:label1\" content=\"Tiempo de lectura\" \/>\n\t<meta name=\"twitter:data1\" content=\"1 minuto\" \/>\n<script type=\"application\/ld+json\" class=\"yoast-schema-graph\">{\"@context\":\"https:\\\/\\\/schema.org\",\"@graph\":[{\"@type\":\"WebPage\",\"@id\":\"https:\\\/\\\/my-iq-tester.com\\\/blog\\\/de\\\/was-ist-der-iq\\\/\",\"url\":\"https:\\\/\\\/my-iq-tester.com\\\/blog\\\/de\\\/was-ist-der-iq\\\/\",\"name\":\"Was ist der IQ? - My IQ Tester\",\"isPartOf\":{\"@id\":\"https:\\\/\\\/my-iq-tester.com\\\/blog\\\/#website\"},\"datePublished\":\"2022-05-29T19:23:35+00:00\",\"dateModified\":\"2022-05-30T19:10:14+00:00\",\"breadcrumb\":{\"@id\":\"https:\\\/\\\/my-iq-tester.com\\\/blog\\\/de\\\/was-ist-der-iq\\\/#breadcrumb\"},\"inLanguage\":\"es\",\"potentialAction\":[{\"@type\":\"ReadAction\",\"target\":[\"https:\\\/\\\/my-iq-tester.com\\\/blog\\\/de\\\/was-ist-der-iq\\\/\"]}]},{\"@type\":\"BreadcrumbList\",\"@id\":\"https:\\\/\\\/my-iq-tester.com\\\/blog\\\/de\\\/was-ist-der-iq\\\/#breadcrumb\",\"itemListElement\":[{\"@type\":\"ListItem\",\"position\":1,\"name\":\"Portada\",\"item\":\"https:\\\/\\\/my-iq-tester.com\\\/blog\\\/\"},{\"@type\":\"ListItem\",\"position\":2,\"name\":\"Was ist der IQ?\"}]},{\"@type\":\"WebSite\",\"@id\":\"https:\\\/\\\/my-iq-tester.com\\\/blog\\\/#website\",\"url\":\"https:\\\/\\\/my-iq-tester.com\\\/blog\\\/\",\"name\":\"My IQ Tester\",\"description\":\"Take IQ test 2026 now using The most accurate official IQ test available online. Test your IQ and get your results immediately.\",\"publisher\":{\"@id\":\"https:\\\/\\\/my-iq-tester.com\\\/blog\\\/#organization\"},\"alternateName\":\"MyIQTester\",\"potentialAction\":[{\"@type\":\"SearchAction\",\"target\":{\"@type\":\"EntryPoint\",\"urlTemplate\":\"https:\\\/\\\/my-iq-tester.com\\\/blog\\\/?s={search_term_string}\"},\"query-input\":{\"@type\":\"PropertyValueSpecification\",\"valueRequired\":true,\"valueName\":\"search_term_string\"}}],\"inLanguage\":\"es\"},{\"@type\":\"Organization\",\"@id\":\"https:\\\/\\\/my-iq-tester.com\\\/blog\\\/#organization\",\"name\":\"MyIQTester\",\"url\":\"https:\\\/\\\/my-iq-tester.com\\\/blog\\\/\",\"logo\":{\"@type\":\"ImageObject\",\"inLanguage\":\"es\",\"@id\":\"https:\\\/\\\/my-iq-tester.com\\\/blog\\\/#\\\/schema\\\/logo\\\/image\\\/\",\"url\":\"https:\\\/\\\/my-iq-tester.com\\\/blog\\\/wp-content\\\/uploads\\\/2022\\\/05\\\/logo.png\",\"contentUrl\":\"https:\\\/\\\/my-iq-tester.com\\\/blog\\\/wp-content\\\/uploads\\\/2022\\\/05\\\/logo.png\",\"width\":261,\"height\":261,\"caption\":\"MyIQTester\"},\"image\":{\"@id\":\"https:\\\/\\\/my-iq-tester.com\\\/blog\\\/#\\\/schema\\\/logo\\\/image\\\/\"}}]}<\/script>\n<!-- \/ Yoast SEO plugin. -->","yoast_head_json":{"title":"Was ist der IQ? - My IQ Tester","robots":{"index":"index","follow":"follow","max-snippet":"max-snippet:-1","max-image-preview":"max-image-preview:large","max-video-preview":"max-video-preview:-1"},"canonical":"https:\/\/my-iq-tester.com\/blog\/de\/was-ist-der-iq\/","og_locale":"es_ES","og_type":"article","og_title":"Was ist der IQ? - My IQ Tester","og_description":"Der IQ (Intelligenzquotient) ist im Allgemeinen eine Bewertung Ihrer F\u00e4higkeit zu denken und zu argumentieren. Der IQ-Wert ist eine standardisierte Methode, um diese F\u00e4higkeit mit der Mehrheit der Menschen im gleichen Alter zu vergleichen. Ein Wert von 100 bedeutet, dass Sie im Vergleich zu den Menschen in Ihrer Altersgruppe im Wesentlichen \u00fcber eine durchschnittliche Intelligenz&hellip;&nbsp;","og_url":"https:\/\/my-iq-tester.com\/blog\/de\/was-ist-der-iq\/","og_site_name":"My IQ Tester","article_modified_time":"2022-05-30T19:10:14+00:00","og_image":[{"width":512,"height":512,"url":"https:\/\/my-iq-tester.com\/blog\/wp-content\/uploads\/2026\/01\/cropped-logo-1.png","type":"image\/png"}],"twitter_card":"summary_large_image","twitter_misc":{"Tiempo de lectura":"1 minuto"},"schema":{"@context":"https:\/\/schema.org","@graph":[{"@type":"WebPage","@id":"https:\/\/my-iq-tester.com\/blog\/de\/was-ist-der-iq\/","url":"https:\/\/my-iq-tester.com\/blog\/de\/was-ist-der-iq\/","name":"Was ist der IQ? - My IQ Tester","isPartOf":{"@id":"https:\/\/my-iq-tester.com\/blog\/#website"},"datePublished":"2022-05-29T19:23:35+00:00","dateModified":"2022-05-30T19:10:14+00:00","breadcrumb":{"@id":"https:\/\/my-iq-tester.com\/blog\/de\/was-ist-der-iq\/#breadcrumb"},"inLanguage":"es","potentialAction":[{"@type":"ReadAction","target":["https:\/\/my-iq-tester.com\/blog\/de\/was-ist-der-iq\/"]}]},{"@type":"BreadcrumbList","@id":"https:\/\/my-iq-tester.com\/blog\/de\/was-ist-der-iq\/#breadcrumb","itemListElement":[{"@type":"ListItem","position":1,"name":"Portada","item":"https:\/\/my-iq-tester.com\/blog\/"},{"@type":"ListItem","position":2,"name":"Was ist der IQ?"}]},{"@type":"WebSite","@id":"https:\/\/my-iq-tester.com\/blog\/#website","url":"https:\/\/my-iq-tester.com\/blog\/","name":"My IQ Tester","description":"Take IQ test 2026 now using The most accurate official IQ test available online. Test your IQ and get your results immediately.","publisher":{"@id":"https:\/\/my-iq-tester.com\/blog\/#organization"},"alternateName":"MyIQTester","potentialAction":[{"@type":"SearchAction","target":{"@type":"EntryPoint","urlTemplate":"https:\/\/my-iq-tester.com\/blog\/?s={search_term_string}"},"query-input":{"@type":"PropertyValueSpecification","valueRequired":true,"valueName":"search_term_string"}}],"inLanguage":"es"},{"@type":"Organization","@id":"https:\/\/my-iq-tester.com\/blog\/#organization","name":"MyIQTester","url":"https:\/\/my-iq-tester.com\/blog\/","logo":{"@type":"ImageObject","inLanguage":"es","@id":"https:\/\/my-iq-tester.com\/blog\/#\/schema\/logo\/image\/","url":"https:\/\/my-iq-tester.com\/blog\/wp-content\/uploads\/2022\/05\/logo.png","contentUrl":"https:\/\/my-iq-tester.com\/blog\/wp-content\/uploads\/2022\/05\/logo.png","width":261,"height":261,"caption":"MyIQTester"},"image":{"@id":"https:\/\/my-iq-tester.com\/blog\/#\/schema\/logo\/image\/"}}]}},"_links":{"self":[{"href":"https:\/\/my-iq-tester.com\/blog\/wp-json\/wp\/v2\/pages\/25","targetHints":{"allow":["GET"]}}],"collection":[{"href":"https:\/\/my-iq-tester.com\/blog\/wp-json\/wp\/v2\/pages"}],"about":[{"href":"https:\/\/my-iq-tester.com\/blog\/wp-json\/wp\/v2\/types\/page"}],"author":[{"embeddable":true,"href":"https:\/\/my-iq-tester.com\/blog\/wp-json\/wp\/v2\/users\/1"}],"replies":[{"embeddable":true,"href":"https:\/\/my-iq-tester.com\/blog\/wp-json\/wp\/v2\/comments?post=25"}],"version-history":[{"count":0,"href":"https:\/\/my-iq-tester.com\/blog\/wp-json\/wp\/v2\/pages\/25\/revisions"}],"wp:attachment":[{"href":"https:\/\/my-iq-tester.com\/blog\/wp-json\/wp\/v2\/media?parent=25"}],"curies":[{"name":"wp","href":"https:\/\/api.w.org\/{rel}","templated":true}]}}