{"id":23,"date":"2022-05-29T19:22:44","date_gmt":"2022-05-29T19:22:44","guid":{"rendered":"https:\/\/my-iq-tester.com\/blog\/?page_id=23"},"modified":"2022-05-30T19:08:47","modified_gmt":"2022-05-30T19:08:47","slug":"o-que-e-qi","status":"publish","type":"page","link":"https:\/\/my-iq-tester.com\/blog\/pt\/o-que-e-qi\/","title":{"rendered":"O que \u00e9 QI?"},"content":{"rendered":"\n<p>Q.I. (quociente de intelig\u00eancia) em geral, \u00e9 uma avalia\u00e7\u00e3o de sua capacidade de pensar e raciocinar. O QI \u00e9 uma forma padronizada de comparar esta capacidade com a maioria das pessoas da mesma idade que voc\u00ea. Uma pontua\u00e7\u00e3o de 100 significa que, comparado a essas pessoas em sua faixa et\u00e1ria geral, voc\u00ea tem basicamente uma intelig\u00eancia m\u00e9dia. A maioria dos psic\u00f3logos diria que aqueles com uma pontua\u00e7\u00e3o entre 95 e 105 s\u00e3o de intelig\u00eancia normal ou t\u00eam um QI m\u00e9dio. A pontua\u00e7\u00e3o real de QI pode variar mais ou menos cinco pontos, pois \u00e9 muito dif\u00edcil obter uma pontua\u00e7\u00e3o de QI com total precis\u00e3o. Tenha em mente que h\u00e1 muitos fatores externos que podem ter um impacto negativo em sua pontua\u00e7\u00e3o. Por exemplo, se voc\u00ea n\u00e3o estiver se sentindo bem no momento de fazer o teste. Ou talvez voc\u00ea esteja distra\u00eddo por algo naquele dia em particular. Essas coisas podem afetar sua pontua\u00e7\u00e3o. Al\u00e9m disso, o QI n\u00e3o \u00e9 o fim de todas as habilidades de uma pessoa na vida. A pontua\u00e7\u00e3o de QI n\u00e3o mede coisas como destreza manual (obviamente), talento musical e uma s\u00e9rie de outras habilidades que podem levar uma pessoa a muitos sucessos diferentes na vida. Entretanto, sua pontua\u00e7\u00e3o em um teste de QI lhe dar\u00e1 uma indica\u00e7\u00e3o bastante precisa da capacidade que voc\u00ea possui de pensar, raciocinar e resolver problemas que muitas vezes podem ser cr\u00edticos em.<\/p>\n","protected":false},"excerpt":{"rendered":"<p>Q.I. (quociente de intelig\u00eancia) em geral, \u00e9 uma avalia\u00e7\u00e3o de sua capacidade de pensar e raciocinar. O QI \u00e9 uma forma padronizada de comparar esta capacidade com a maioria das pessoas da mesma idade que voc\u00ea. Uma pontua\u00e7\u00e3o de 100 significa que, comparado a essas pessoas em sua faixa et\u00e1ria geral, voc\u00ea tem basicamente uma&hellip;&nbsp;<\/p>\n","protected":false},"author":1,"featured_media":0,"parent":0,"menu_order":0,"comment_status":"closed","ping_status":"closed","template":"wp-custom-template-portugues","meta":{"neve_meta_sidebar":"","neve_meta_container":"","neve_meta_enable_content_width":"","neve_meta_content_width":0,"neve_meta_title_alignment":"","neve_meta_author_avatar":"","neve_post_elements_order":"","neve_meta_disable_header":"","neve_meta_disable_footer":"","neve_meta_disable_title":"","footnotes":""},"class_list":["post-23","page","type-page","status-publish","hentry"],"yoast_head":"<!-- This site is optimized with the Yoast SEO plugin v27.4 - https:\/\/yoast.com\/product\/yoast-seo-wordpress\/ -->\n<title>O que \u00e9 QI? - My IQ Tester<\/title>\n<meta name=\"robots\" content=\"index, follow, max-snippet:-1, max-image-preview:large, max-video-preview:-1\" \/>\n<link rel=\"canonical\" href=\"https:\/\/my-iq-tester.com\/blog\/pt\/o-que-e-qi\/\" \/>\n<meta property=\"og:locale\" content=\"es_ES\" \/>\n<meta property=\"og:type\" content=\"article\" \/>\n<meta property=\"og:title\" content=\"O que \u00e9 QI? - My IQ Tester\" \/>\n<meta property=\"og:description\" content=\"Q.I. (quociente de intelig\u00eancia) em geral, \u00e9 uma avalia\u00e7\u00e3o de sua capacidade de pensar e raciocinar. O QI \u00e9 uma forma padronizada de comparar esta capacidade com a maioria das pessoas da mesma idade que voc\u00ea. Uma pontua\u00e7\u00e3o de 100 significa que, comparado a essas pessoas em sua faixa et\u00e1ria geral, voc\u00ea tem basicamente uma&hellip;&nbsp;\" \/>\n<meta property=\"og:url\" content=\"https:\/\/my-iq-tester.com\/blog\/pt\/o-que-e-qi\/\" \/>\n<meta property=\"og:site_name\" content=\"My IQ Tester\" \/>\n<meta property=\"article:modified_time\" content=\"2022-05-30T19:08:47+00:00\" \/>\n<meta property=\"og:image\" content=\"https:\/\/my-iq-tester.com\/blog\/wp-content\/uploads\/2026\/01\/cropped-logo-1.png\" \/>\n\t<meta property=\"og:image:width\" content=\"512\" \/>\n\t<meta property=\"og:image:height\" content=\"512\" \/>\n\t<meta property=\"og:image:type\" content=\"image\/png\" \/>\n<meta name=\"twitter:card\" content=\"summary_large_image\" \/>\n<meta name=\"twitter:label1\" content=\"Tiempo de lectura\" \/>\n\t<meta name=\"twitter:data1\" content=\"1 minuto\" \/>\n<script type=\"application\/ld+json\" class=\"yoast-schema-graph\">{\"@context\":\"https:\\\/\\\/schema.org\",\"@graph\":[{\"@type\":\"WebPage\",\"@id\":\"https:\\\/\\\/my-iq-tester.com\\\/blog\\\/pt\\\/o-que-e-qi\\\/\",\"url\":\"https:\\\/\\\/my-iq-tester.com\\\/blog\\\/pt\\\/o-que-e-qi\\\/\",\"name\":\"O que \u00e9 QI? - My IQ Tester\",\"isPartOf\":{\"@id\":\"https:\\\/\\\/my-iq-tester.com\\\/blog\\\/#website\"},\"datePublished\":\"2022-05-29T19:22:44+00:00\",\"dateModified\":\"2022-05-30T19:08:47+00:00\",\"breadcrumb\":{\"@id\":\"https:\\\/\\\/my-iq-tester.com\\\/blog\\\/pt\\\/o-que-e-qi\\\/#breadcrumb\"},\"inLanguage\":\"es\",\"potentialAction\":[{\"@type\":\"ReadAction\",\"target\":[\"https:\\\/\\\/my-iq-tester.com\\\/blog\\\/pt\\\/o-que-e-qi\\\/\"]}]},{\"@type\":\"BreadcrumbList\",\"@id\":\"https:\\\/\\\/my-iq-tester.com\\\/blog\\\/pt\\\/o-que-e-qi\\\/#breadcrumb\",\"itemListElement\":[{\"@type\":\"ListItem\",\"position\":1,\"name\":\"Portada\",\"item\":\"https:\\\/\\\/my-iq-tester.com\\\/blog\\\/\"},{\"@type\":\"ListItem\",\"position\":2,\"name\":\"O que \u00e9 QI?\"}]},{\"@type\":\"WebSite\",\"@id\":\"https:\\\/\\\/my-iq-tester.com\\\/blog\\\/#website\",\"url\":\"https:\\\/\\\/my-iq-tester.com\\\/blog\\\/\",\"name\":\"My IQ Tester\",\"description\":\"Take IQ test 2026 now using The most accurate official IQ test available online. Test your IQ and get your results immediately.\",\"publisher\":{\"@id\":\"https:\\\/\\\/my-iq-tester.com\\\/blog\\\/#organization\"},\"alternateName\":\"MyIQTester\",\"potentialAction\":[{\"@type\":\"SearchAction\",\"target\":{\"@type\":\"EntryPoint\",\"urlTemplate\":\"https:\\\/\\\/my-iq-tester.com\\\/blog\\\/?s={search_term_string}\"},\"query-input\":{\"@type\":\"PropertyValueSpecification\",\"valueRequired\":true,\"valueName\":\"search_term_string\"}}],\"inLanguage\":\"es\"},{\"@type\":\"Organization\",\"@id\":\"https:\\\/\\\/my-iq-tester.com\\\/blog\\\/#organization\",\"name\":\"MyIQTester\",\"url\":\"https:\\\/\\\/my-iq-tester.com\\\/blog\\\/\",\"logo\":{\"@type\":\"ImageObject\",\"inLanguage\":\"es\",\"@id\":\"https:\\\/\\\/my-iq-tester.com\\\/blog\\\/#\\\/schema\\\/logo\\\/image\\\/\",\"url\":\"https:\\\/\\\/my-iq-tester.com\\\/blog\\\/wp-content\\\/uploads\\\/2022\\\/05\\\/logo.png\",\"contentUrl\":\"https:\\\/\\\/my-iq-tester.com\\\/blog\\\/wp-content\\\/uploads\\\/2022\\\/05\\\/logo.png\",\"width\":261,\"height\":261,\"caption\":\"MyIQTester\"},\"image\":{\"@id\":\"https:\\\/\\\/my-iq-tester.com\\\/blog\\\/#\\\/schema\\\/logo\\\/image\\\/\"}}]}<\/script>\n<!-- \/ Yoast SEO plugin. -->","yoast_head_json":{"title":"O que \u00e9 QI? - My IQ Tester","robots":{"index":"index","follow":"follow","max-snippet":"max-snippet:-1","max-image-preview":"max-image-preview:large","max-video-preview":"max-video-preview:-1"},"canonical":"https:\/\/my-iq-tester.com\/blog\/pt\/o-que-e-qi\/","og_locale":"es_ES","og_type":"article","og_title":"O que \u00e9 QI? - My IQ Tester","og_description":"Q.I. (quociente de intelig\u00eancia) em geral, \u00e9 uma avalia\u00e7\u00e3o de sua capacidade de pensar e raciocinar. O QI \u00e9 uma forma padronizada de comparar esta capacidade com a maioria das pessoas da mesma idade que voc\u00ea. Uma pontua\u00e7\u00e3o de 100 significa que, comparado a essas pessoas em sua faixa et\u00e1ria geral, voc\u00ea tem basicamente uma&hellip;&nbsp;","og_url":"https:\/\/my-iq-tester.com\/blog\/pt\/o-que-e-qi\/","og_site_name":"My IQ Tester","article_modified_time":"2022-05-30T19:08:47+00:00","og_image":[{"width":512,"height":512,"url":"https:\/\/my-iq-tester.com\/blog\/wp-content\/uploads\/2026\/01\/cropped-logo-1.png","type":"image\/png"}],"twitter_card":"summary_large_image","twitter_misc":{"Tiempo de lectura":"1 minuto"},"schema":{"@context":"https:\/\/schema.org","@graph":[{"@type":"WebPage","@id":"https:\/\/my-iq-tester.com\/blog\/pt\/o-que-e-qi\/","url":"https:\/\/my-iq-tester.com\/blog\/pt\/o-que-e-qi\/","name":"O que \u00e9 QI? - My IQ Tester","isPartOf":{"@id":"https:\/\/my-iq-tester.com\/blog\/#website"},"datePublished":"2022-05-29T19:22:44+00:00","dateModified":"2022-05-30T19:08:47+00:00","breadcrumb":{"@id":"https:\/\/my-iq-tester.com\/blog\/pt\/o-que-e-qi\/#breadcrumb"},"inLanguage":"es","potentialAction":[{"@type":"ReadAction","target":["https:\/\/my-iq-tester.com\/blog\/pt\/o-que-e-qi\/"]}]},{"@type":"BreadcrumbList","@id":"https:\/\/my-iq-tester.com\/blog\/pt\/o-que-e-qi\/#breadcrumb","itemListElement":[{"@type":"ListItem","position":1,"name":"Portada","item":"https:\/\/my-iq-tester.com\/blog\/"},{"@type":"ListItem","position":2,"name":"O que \u00e9 QI?"}]},{"@type":"WebSite","@id":"https:\/\/my-iq-tester.com\/blog\/#website","url":"https:\/\/my-iq-tester.com\/blog\/","name":"My IQ Tester","description":"Take IQ test 2026 now using The most accurate official IQ test available online. Test your IQ and get your results immediately.","publisher":{"@id":"https:\/\/my-iq-tester.com\/blog\/#organization"},"alternateName":"MyIQTester","potentialAction":[{"@type":"SearchAction","target":{"@type":"EntryPoint","urlTemplate":"https:\/\/my-iq-tester.com\/blog\/?s={search_term_string}"},"query-input":{"@type":"PropertyValueSpecification","valueRequired":true,"valueName":"search_term_string"}}],"inLanguage":"es"},{"@type":"Organization","@id":"https:\/\/my-iq-tester.com\/blog\/#organization","name":"MyIQTester","url":"https:\/\/my-iq-tester.com\/blog\/","logo":{"@type":"ImageObject","inLanguage":"es","@id":"https:\/\/my-iq-tester.com\/blog\/#\/schema\/logo\/image\/","url":"https:\/\/my-iq-tester.com\/blog\/wp-content\/uploads\/2022\/05\/logo.png","contentUrl":"https:\/\/my-iq-tester.com\/blog\/wp-content\/uploads\/2022\/05\/logo.png","width":261,"height":261,"caption":"MyIQTester"},"image":{"@id":"https:\/\/my-iq-tester.com\/blog\/#\/schema\/logo\/image\/"}}]}},"_links":{"self":[{"href":"https:\/\/my-iq-tester.com\/blog\/wp-json\/wp\/v2\/pages\/23","targetHints":{"allow":["GET"]}}],"collection":[{"href":"https:\/\/my-iq-tester.com\/blog\/wp-json\/wp\/v2\/pages"}],"about":[{"href":"https:\/\/my-iq-tester.com\/blog\/wp-json\/wp\/v2\/types\/page"}],"author":[{"embeddable":true,"href":"https:\/\/my-iq-tester.com\/blog\/wp-json\/wp\/v2\/users\/1"}],"replies":[{"embeddable":true,"href":"https:\/\/my-iq-tester.com\/blog\/wp-json\/wp\/v2\/comments?post=23"}],"version-history":[{"count":0,"href":"https:\/\/my-iq-tester.com\/blog\/wp-json\/wp\/v2\/pages\/23\/revisions"}],"wp:attachment":[{"href":"https:\/\/my-iq-tester.com\/blog\/wp-json\/wp\/v2\/media?parent=23"}],"curies":[{"name":"wp","href":"https:\/\/api.w.org\/{rel}","templated":true}]}}