{"id":21,"date":"2022-05-29T19:21:20","date_gmt":"2022-05-29T19:21:20","guid":{"rendered":"https:\/\/my-iq-tester.com\/blog\/?page_id=21"},"modified":"2022-05-30T19:07:34","modified_gmt":"2022-05-30T19:07:34","slug":"co-to-jest-iq","status":"publish","type":"page","link":"https:\/\/my-iq-tester.com\/blog\/pl\/co-to-jest-iq\/","title":{"rendered":"Co to jest IQ?"},"content":{"rendered":"\n<p><br>I.Q. (iloraz inteligencji) to og\u00f3lnie rzecz bior\u0105c ocena zdolno\u015bci do my\u015blenia i rozumowania. Wynik IQ jest standaryzowanym sposobem por\u00f3wnywania tej zdolno\u015bci z wi\u0119kszo\u015bci\u0105 os\u00f3b w tym samym wieku co Ty. Wynik 100 oznacza, \u017ce w por\u00f3wnaniu z osobami w Twojej grupie wiekowej masz w zasadzie przeci\u0119tn\u0105 inteligencj\u0119. Wi\u0119kszo\u015b\u0107 psycholog\u00f3w powiedzia\u0142aby, \u017ce osoby z wynikiem w przedziale 95-105 maj\u0105 normaln\u0105 inteligencj\u0119 lub przeci\u0119tne IQ. Rzeczywisty wynik IQ mo\u017ce si\u0119 r\u00f3\u017cni\u0107 o plus minus pi\u0119\u0107 punkt\u00f3w, poniewa\u017c bardzo trudno jest uzyska\u0107 wynik IQ z ca\u0142kowit\u0105 dok\u0142adno\u015bci\u0105. Nale\u017cy pami\u0119ta\u0107, \u017ce istnieje wiele czynnik\u00f3w zewn\u0119trznych, kt\u00f3re mog\u0105 mie\u0107 negatywny wp\u0142yw na wynik. Na przyk\u0142ad, je\u015bli nie czujesz si\u0119 dobrze w czasie wykonywania testu. A mo\u017ce w danym dniu co\u015b Ci\u0119 rozprasza. Te czynniki mog\u0105 mie\u0107 wp\u0142yw na wynik. Ponadto IQ nie jest wyznacznikiem wszystkich zdolno\u015bci danej osoby w \u017cyciu. Wynik IQ nie mierzy takich rzeczy, jak zr\u0119czno\u015b\u0107 manualna (oczywi\u015bcie), talent muzyczny i wiele innych zdolno\u015bci, kt\u00f3re mog\u0105 prowadzi\u0107 do wielu r\u00f3\u017cnych sukces\u00f3w w \u017cyciu. Wynik testu IQ daje jednak do\u015b\u0107 dok\u0142adny obraz posiadanych przez Ciebie zdolno\u015bci my\u015blenia, rozumowania i rozwi\u0105zywania problem\u00f3w, kt\u00f3re cz\u0119sto mog\u0105 mie\u0107 decyduj\u0105ce znaczenie w wielu fazach \u017cycia.<\/p>\n","protected":false},"excerpt":{"rendered":"<p>I.Q. (iloraz inteligencji) to og\u00f3lnie rzecz bior\u0105c ocena zdolno\u015bci do my\u015blenia i rozumowania. Wynik IQ jest standaryzowanym sposobem por\u00f3wnywania tej zdolno\u015bci z wi\u0119kszo\u015bci\u0105 os\u00f3b w tym samym wieku co Ty. Wynik 100 oznacza, \u017ce w por\u00f3wnaniu z osobami w Twojej grupie wiekowej masz w zasadzie przeci\u0119tn\u0105 inteligencj\u0119. Wi\u0119kszo\u015b\u0107 psycholog\u00f3w powiedzia\u0142aby, \u017ce osoby z wynikiem w&hellip;&nbsp;<\/p>\n","protected":false},"author":1,"featured_media":0,"parent":0,"menu_order":0,"comment_status":"closed","ping_status":"closed","template":"wp-custom-template-polski","meta":{"neve_meta_sidebar":"","neve_meta_container":"","neve_meta_enable_content_width":"","neve_meta_content_width":0,"neve_meta_title_alignment":"","neve_meta_author_avatar":"","neve_post_elements_order":"","neve_meta_disable_header":"","neve_meta_disable_footer":"","neve_meta_disable_title":"","footnotes":""},"class_list":["post-21","page","type-page","status-publish","hentry"],"yoast_head":"<!-- This site is optimized with the Yoast SEO plugin v27.4 - https:\/\/yoast.com\/product\/yoast-seo-wordpress\/ -->\n<title>Co to jest IQ? - My IQ Tester<\/title>\n<meta name=\"robots\" content=\"index, follow, max-snippet:-1, max-image-preview:large, max-video-preview:-1\" \/>\n<link rel=\"canonical\" href=\"https:\/\/my-iq-tester.com\/blog\/pl\/co-to-jest-iq\/\" \/>\n<meta property=\"og:locale\" content=\"es_ES\" \/>\n<meta property=\"og:type\" content=\"article\" \/>\n<meta property=\"og:title\" content=\"Co to jest IQ? - My IQ Tester\" \/>\n<meta property=\"og:description\" content=\"I.Q. (iloraz inteligencji) to og\u00f3lnie rzecz bior\u0105c ocena zdolno\u015bci do my\u015blenia i rozumowania. Wynik IQ jest standaryzowanym sposobem por\u00f3wnywania tej zdolno\u015bci z wi\u0119kszo\u015bci\u0105 os\u00f3b w tym samym wieku co Ty. Wynik 100 oznacza, \u017ce w por\u00f3wnaniu z osobami w Twojej grupie wiekowej masz w zasadzie przeci\u0119tn\u0105 inteligencj\u0119. Wi\u0119kszo\u015b\u0107 psycholog\u00f3w powiedzia\u0142aby, \u017ce osoby z wynikiem w&hellip;&nbsp;\" \/>\n<meta property=\"og:url\" content=\"https:\/\/my-iq-tester.com\/blog\/pl\/co-to-jest-iq\/\" \/>\n<meta property=\"og:site_name\" content=\"My IQ Tester\" \/>\n<meta property=\"article:modified_time\" content=\"2022-05-30T19:07:34+00:00\" \/>\n<meta property=\"og:image\" content=\"https:\/\/my-iq-tester.com\/blog\/wp-content\/uploads\/2026\/01\/cropped-logo-1.png\" \/>\n\t<meta property=\"og:image:width\" content=\"512\" \/>\n\t<meta property=\"og:image:height\" content=\"512\" \/>\n\t<meta property=\"og:image:type\" content=\"image\/png\" \/>\n<meta name=\"twitter:card\" content=\"summary_large_image\" \/>\n<meta name=\"twitter:label1\" content=\"Tiempo de lectura\" \/>\n\t<meta name=\"twitter:data1\" content=\"1 minuto\" \/>\n<script type=\"application\/ld+json\" class=\"yoast-schema-graph\">{\"@context\":\"https:\\\/\\\/schema.org\",\"@graph\":[{\"@type\":\"WebPage\",\"@id\":\"https:\\\/\\\/my-iq-tester.com\\\/blog\\\/pl\\\/co-to-jest-iq\\\/\",\"url\":\"https:\\\/\\\/my-iq-tester.com\\\/blog\\\/pl\\\/co-to-jest-iq\\\/\",\"name\":\"Co to jest IQ? - My IQ Tester\",\"isPartOf\":{\"@id\":\"https:\\\/\\\/my-iq-tester.com\\\/blog\\\/#website\"},\"datePublished\":\"2022-05-29T19:21:20+00:00\",\"dateModified\":\"2022-05-30T19:07:34+00:00\",\"breadcrumb\":{\"@id\":\"https:\\\/\\\/my-iq-tester.com\\\/blog\\\/pl\\\/co-to-jest-iq\\\/#breadcrumb\"},\"inLanguage\":\"es\",\"potentialAction\":[{\"@type\":\"ReadAction\",\"target\":[\"https:\\\/\\\/my-iq-tester.com\\\/blog\\\/pl\\\/co-to-jest-iq\\\/\"]}]},{\"@type\":\"BreadcrumbList\",\"@id\":\"https:\\\/\\\/my-iq-tester.com\\\/blog\\\/pl\\\/co-to-jest-iq\\\/#breadcrumb\",\"itemListElement\":[{\"@type\":\"ListItem\",\"position\":1,\"name\":\"Portada\",\"item\":\"https:\\\/\\\/my-iq-tester.com\\\/blog\\\/\"},{\"@type\":\"ListItem\",\"position\":2,\"name\":\"Co to jest IQ?\"}]},{\"@type\":\"WebSite\",\"@id\":\"https:\\\/\\\/my-iq-tester.com\\\/blog\\\/#website\",\"url\":\"https:\\\/\\\/my-iq-tester.com\\\/blog\\\/\",\"name\":\"My IQ Tester\",\"description\":\"Take IQ test 2026 now using The most accurate official IQ test available online. Test your IQ and get your results immediately.\",\"publisher\":{\"@id\":\"https:\\\/\\\/my-iq-tester.com\\\/blog\\\/#organization\"},\"alternateName\":\"MyIQTester\",\"potentialAction\":[{\"@type\":\"SearchAction\",\"target\":{\"@type\":\"EntryPoint\",\"urlTemplate\":\"https:\\\/\\\/my-iq-tester.com\\\/blog\\\/?s={search_term_string}\"},\"query-input\":{\"@type\":\"PropertyValueSpecification\",\"valueRequired\":true,\"valueName\":\"search_term_string\"}}],\"inLanguage\":\"es\"},{\"@type\":\"Organization\",\"@id\":\"https:\\\/\\\/my-iq-tester.com\\\/blog\\\/#organization\",\"name\":\"MyIQTester\",\"url\":\"https:\\\/\\\/my-iq-tester.com\\\/blog\\\/\",\"logo\":{\"@type\":\"ImageObject\",\"inLanguage\":\"es\",\"@id\":\"https:\\\/\\\/my-iq-tester.com\\\/blog\\\/#\\\/schema\\\/logo\\\/image\\\/\",\"url\":\"https:\\\/\\\/my-iq-tester.com\\\/blog\\\/wp-content\\\/uploads\\\/2022\\\/05\\\/logo.png\",\"contentUrl\":\"https:\\\/\\\/my-iq-tester.com\\\/blog\\\/wp-content\\\/uploads\\\/2022\\\/05\\\/logo.png\",\"width\":261,\"height\":261,\"caption\":\"MyIQTester\"},\"image\":{\"@id\":\"https:\\\/\\\/my-iq-tester.com\\\/blog\\\/#\\\/schema\\\/logo\\\/image\\\/\"}}]}<\/script>\n<!-- \/ Yoast SEO plugin. -->","yoast_head_json":{"title":"Co to jest IQ? - My IQ Tester","robots":{"index":"index","follow":"follow","max-snippet":"max-snippet:-1","max-image-preview":"max-image-preview:large","max-video-preview":"max-video-preview:-1"},"canonical":"https:\/\/my-iq-tester.com\/blog\/pl\/co-to-jest-iq\/","og_locale":"es_ES","og_type":"article","og_title":"Co to jest IQ? - My IQ Tester","og_description":"I.Q. (iloraz inteligencji) to og\u00f3lnie rzecz bior\u0105c ocena zdolno\u015bci do my\u015blenia i rozumowania. Wynik IQ jest standaryzowanym sposobem por\u00f3wnywania tej zdolno\u015bci z wi\u0119kszo\u015bci\u0105 os\u00f3b w tym samym wieku co Ty. Wynik 100 oznacza, \u017ce w por\u00f3wnaniu z osobami w Twojej grupie wiekowej masz w zasadzie przeci\u0119tn\u0105 inteligencj\u0119. Wi\u0119kszo\u015b\u0107 psycholog\u00f3w powiedzia\u0142aby, \u017ce osoby z wynikiem w&hellip;&nbsp;","og_url":"https:\/\/my-iq-tester.com\/blog\/pl\/co-to-jest-iq\/","og_site_name":"My IQ Tester","article_modified_time":"2022-05-30T19:07:34+00:00","og_image":[{"width":512,"height":512,"url":"https:\/\/my-iq-tester.com\/blog\/wp-content\/uploads\/2026\/01\/cropped-logo-1.png","type":"image\/png"}],"twitter_card":"summary_large_image","twitter_misc":{"Tiempo de lectura":"1 minuto"},"schema":{"@context":"https:\/\/schema.org","@graph":[{"@type":"WebPage","@id":"https:\/\/my-iq-tester.com\/blog\/pl\/co-to-jest-iq\/","url":"https:\/\/my-iq-tester.com\/blog\/pl\/co-to-jest-iq\/","name":"Co to jest IQ? - My IQ Tester","isPartOf":{"@id":"https:\/\/my-iq-tester.com\/blog\/#website"},"datePublished":"2022-05-29T19:21:20+00:00","dateModified":"2022-05-30T19:07:34+00:00","breadcrumb":{"@id":"https:\/\/my-iq-tester.com\/blog\/pl\/co-to-jest-iq\/#breadcrumb"},"inLanguage":"es","potentialAction":[{"@type":"ReadAction","target":["https:\/\/my-iq-tester.com\/blog\/pl\/co-to-jest-iq\/"]}]},{"@type":"BreadcrumbList","@id":"https:\/\/my-iq-tester.com\/blog\/pl\/co-to-jest-iq\/#breadcrumb","itemListElement":[{"@type":"ListItem","position":1,"name":"Portada","item":"https:\/\/my-iq-tester.com\/blog\/"},{"@type":"ListItem","position":2,"name":"Co to jest IQ?"}]},{"@type":"WebSite","@id":"https:\/\/my-iq-tester.com\/blog\/#website","url":"https:\/\/my-iq-tester.com\/blog\/","name":"My IQ Tester","description":"Take IQ test 2026 now using The most accurate official IQ test available online. Test your IQ and get your results immediately.","publisher":{"@id":"https:\/\/my-iq-tester.com\/blog\/#organization"},"alternateName":"MyIQTester","potentialAction":[{"@type":"SearchAction","target":{"@type":"EntryPoint","urlTemplate":"https:\/\/my-iq-tester.com\/blog\/?s={search_term_string}"},"query-input":{"@type":"PropertyValueSpecification","valueRequired":true,"valueName":"search_term_string"}}],"inLanguage":"es"},{"@type":"Organization","@id":"https:\/\/my-iq-tester.com\/blog\/#organization","name":"MyIQTester","url":"https:\/\/my-iq-tester.com\/blog\/","logo":{"@type":"ImageObject","inLanguage":"es","@id":"https:\/\/my-iq-tester.com\/blog\/#\/schema\/logo\/image\/","url":"https:\/\/my-iq-tester.com\/blog\/wp-content\/uploads\/2022\/05\/logo.png","contentUrl":"https:\/\/my-iq-tester.com\/blog\/wp-content\/uploads\/2022\/05\/logo.png","width":261,"height":261,"caption":"MyIQTester"},"image":{"@id":"https:\/\/my-iq-tester.com\/blog\/#\/schema\/logo\/image\/"}}]}},"_links":{"self":[{"href":"https:\/\/my-iq-tester.com\/blog\/wp-json\/wp\/v2\/pages\/21","targetHints":{"allow":["GET"]}}],"collection":[{"href":"https:\/\/my-iq-tester.com\/blog\/wp-json\/wp\/v2\/pages"}],"about":[{"href":"https:\/\/my-iq-tester.com\/blog\/wp-json\/wp\/v2\/types\/page"}],"author":[{"embeddable":true,"href":"https:\/\/my-iq-tester.com\/blog\/wp-json\/wp\/v2\/users\/1"}],"replies":[{"embeddable":true,"href":"https:\/\/my-iq-tester.com\/blog\/wp-json\/wp\/v2\/comments?post=21"}],"version-history":[{"count":0,"href":"https:\/\/my-iq-tester.com\/blog\/wp-json\/wp\/v2\/pages\/21\/revisions"}],"wp:attachment":[{"href":"https:\/\/my-iq-tester.com\/blog\/wp-json\/wp\/v2\/media?parent=21"}],"curies":[{"name":"wp","href":"https:\/\/api.w.org\/{rel}","templated":true}]}}