{"id":16,"date":"2022-05-29T19:18:53","date_gmt":"2022-05-29T19:18:53","guid":{"rendered":"https:\/\/my-iq-tester.com\/blog\/?page_id=16"},"modified":"2022-05-30T19:01:43","modified_gmt":"2022-05-30T19:01:43","slug":"que-es-el-ci","status":"publish","type":"page","link":"https:\/\/my-iq-tester.com\/blog\/es\/que-es-el-ci\/","title":{"rendered":"\u00bfQu\u00e9 es el CI?"},"content":{"rendered":"\n<p><br>El CI (cociente intelectual), en general, es una evaluaci\u00f3n de su capacidad de pensar y razonar. La puntuaci\u00f3n del CI es una forma estandarizada de comparar esta capacidad con la mayor\u00eda de las personas de tu misma edad. Una puntuaci\u00f3n de 100 significa que, en comparaci\u00f3n con las personas de tu edad, tienes una inteligencia media. La mayor\u00eda de los psic\u00f3logos dir\u00edan que los que obtienen una puntuaci\u00f3n entre 95 y 105 tienen una inteligencia normal o un CI medio. La puntuaci\u00f3n real del CI puede variar m\u00e1s o menos cinco puntos, ya que es muy dif\u00edcil obtener una puntuaci\u00f3n de CI con total precisi\u00f3n. Tenga en cuenta que hay muchos factores externos que pueden influir negativamente en su puntuaci\u00f3n. Por ejemplo, si no se siente bien en el momento de hacer la prueba. O tal vez est\u00e9 distra\u00eddo por algo en ese d\u00eda en particular. Estas cosas pueden afectar a tu puntuaci\u00f3n. Adem\u00e1s, el coeficiente intelectual no es la base de todas las capacidades de una persona en la vida. La puntuaci\u00f3n del CI no mide cosas como la destreza manual (obviamente), el talento musical y un mont\u00f3n de otras habilidades que pueden llevar a uno a muchos \u00e9xitos diferentes en la vida. Sin embargo, tu puntuaci\u00f3n en un test de CI te dar\u00e1 una indicaci\u00f3n bastante precisa de la capacidad que posees para pensar, razonar y resolver problemas que a menudo pueden ser cr\u00edticos en muchas fases de tu vida.<\/p>\n","protected":false},"excerpt":{"rendered":"<p>El CI (cociente intelectual), en general, es una evaluaci\u00f3n de su capacidad de pensar y razonar. La puntuaci\u00f3n del CI es una forma estandarizada de comparar esta capacidad con la mayor\u00eda de las personas de tu misma edad. Una puntuaci\u00f3n de 100 significa que, en comparaci\u00f3n con las personas de tu edad, tienes una inteligencia&hellip;&nbsp;<\/p>\n","protected":false},"author":1,"featured_media":0,"parent":0,"menu_order":0,"comment_status":"closed","ping_status":"closed","template":"wp-custom-template-espanol","meta":{"neve_meta_sidebar":"","neve_meta_container":"","neve_meta_enable_content_width":"","neve_meta_content_width":0,"neve_meta_title_alignment":"","neve_meta_author_avatar":"","neve_post_elements_order":"","neve_meta_disable_header":"","neve_meta_disable_footer":"","neve_meta_disable_title":"","footnotes":""},"class_list":["post-16","page","type-page","status-publish","hentry"],"yoast_head":"<!-- This site is optimized with the Yoast SEO plugin v27.4 - https:\/\/yoast.com\/product\/yoast-seo-wordpress\/ -->\n<title>\u00bfQu\u00e9 es el CI? - My IQ Tester<\/title>\n<meta name=\"robots\" content=\"index, follow, max-snippet:-1, max-image-preview:large, max-video-preview:-1\" \/>\n<link rel=\"canonical\" href=\"https:\/\/my-iq-tester.com\/blog\/es\/que-es-el-ci\/\" \/>\n<meta property=\"og:locale\" content=\"es_ES\" \/>\n<meta property=\"og:type\" content=\"article\" \/>\n<meta property=\"og:title\" content=\"\u00bfQu\u00e9 es el CI? - My IQ Tester\" \/>\n<meta property=\"og:description\" content=\"El CI (cociente intelectual), en general, es una evaluaci\u00f3n de su capacidad de pensar y razonar. La puntuaci\u00f3n del CI es una forma estandarizada de comparar esta capacidad con la mayor\u00eda de las personas de tu misma edad. Una puntuaci\u00f3n de 100 significa que, en comparaci\u00f3n con las personas de tu edad, tienes una inteligencia&hellip;&nbsp;\" \/>\n<meta property=\"og:url\" content=\"https:\/\/my-iq-tester.com\/blog\/es\/que-es-el-ci\/\" \/>\n<meta property=\"og:site_name\" content=\"My IQ Tester\" \/>\n<meta property=\"article:modified_time\" content=\"2022-05-30T19:01:43+00:00\" \/>\n<meta property=\"og:image\" content=\"https:\/\/my-iq-tester.com\/blog\/wp-content\/uploads\/2026\/01\/cropped-logo-1.png\" \/>\n\t<meta property=\"og:image:width\" content=\"512\" \/>\n\t<meta property=\"og:image:height\" content=\"512\" \/>\n\t<meta property=\"og:image:type\" content=\"image\/png\" \/>\n<meta name=\"twitter:card\" content=\"summary_large_image\" \/>\n<meta name=\"twitter:label1\" content=\"Tiempo de lectura\" \/>\n\t<meta name=\"twitter:data1\" content=\"1 minuto\" \/>\n<script type=\"application\/ld+json\" class=\"yoast-schema-graph\">{\"@context\":\"https:\\\/\\\/schema.org\",\"@graph\":[{\"@type\":\"WebPage\",\"@id\":\"https:\\\/\\\/my-iq-tester.com\\\/blog\\\/es\\\/que-es-el-ci\\\/\",\"url\":\"https:\\\/\\\/my-iq-tester.com\\\/blog\\\/es\\\/que-es-el-ci\\\/\",\"name\":\"\u00bfQu\u00e9 es el CI? - My IQ Tester\",\"isPartOf\":{\"@id\":\"https:\\\/\\\/my-iq-tester.com\\\/blog\\\/#website\"},\"datePublished\":\"2022-05-29T19:18:53+00:00\",\"dateModified\":\"2022-05-30T19:01:43+00:00\",\"breadcrumb\":{\"@id\":\"https:\\\/\\\/my-iq-tester.com\\\/blog\\\/es\\\/que-es-el-ci\\\/#breadcrumb\"},\"inLanguage\":\"es\",\"potentialAction\":[{\"@type\":\"ReadAction\",\"target\":[\"https:\\\/\\\/my-iq-tester.com\\\/blog\\\/es\\\/que-es-el-ci\\\/\"]}]},{\"@type\":\"BreadcrumbList\",\"@id\":\"https:\\\/\\\/my-iq-tester.com\\\/blog\\\/es\\\/que-es-el-ci\\\/#breadcrumb\",\"itemListElement\":[{\"@type\":\"ListItem\",\"position\":1,\"name\":\"Portada\",\"item\":\"https:\\\/\\\/my-iq-tester.com\\\/blog\\\/\"},{\"@type\":\"ListItem\",\"position\":2,\"name\":\"\u00bfQu\u00e9 es el CI?\"}]},{\"@type\":\"WebSite\",\"@id\":\"https:\\\/\\\/my-iq-tester.com\\\/blog\\\/#website\",\"url\":\"https:\\\/\\\/my-iq-tester.com\\\/blog\\\/\",\"name\":\"My IQ Tester\",\"description\":\"Take IQ test 2026 now using The most accurate official IQ test available online. Test your IQ and get your results immediately.\",\"publisher\":{\"@id\":\"https:\\\/\\\/my-iq-tester.com\\\/blog\\\/#organization\"},\"alternateName\":\"MyIQTester\",\"potentialAction\":[{\"@type\":\"SearchAction\",\"target\":{\"@type\":\"EntryPoint\",\"urlTemplate\":\"https:\\\/\\\/my-iq-tester.com\\\/blog\\\/?s={search_term_string}\"},\"query-input\":{\"@type\":\"PropertyValueSpecification\",\"valueRequired\":true,\"valueName\":\"search_term_string\"}}],\"inLanguage\":\"es\"},{\"@type\":\"Organization\",\"@id\":\"https:\\\/\\\/my-iq-tester.com\\\/blog\\\/#organization\",\"name\":\"MyIQTester\",\"url\":\"https:\\\/\\\/my-iq-tester.com\\\/blog\\\/\",\"logo\":{\"@type\":\"ImageObject\",\"inLanguage\":\"es\",\"@id\":\"https:\\\/\\\/my-iq-tester.com\\\/blog\\\/#\\\/schema\\\/logo\\\/image\\\/\",\"url\":\"https:\\\/\\\/my-iq-tester.com\\\/blog\\\/wp-content\\\/uploads\\\/2022\\\/05\\\/logo.png\",\"contentUrl\":\"https:\\\/\\\/my-iq-tester.com\\\/blog\\\/wp-content\\\/uploads\\\/2022\\\/05\\\/logo.png\",\"width\":261,\"height\":261,\"caption\":\"MyIQTester\"},\"image\":{\"@id\":\"https:\\\/\\\/my-iq-tester.com\\\/blog\\\/#\\\/schema\\\/logo\\\/image\\\/\"}}]}<\/script>\n<!-- \/ Yoast SEO plugin. -->","yoast_head_json":{"title":"\u00bfQu\u00e9 es el CI? - My IQ Tester","robots":{"index":"index","follow":"follow","max-snippet":"max-snippet:-1","max-image-preview":"max-image-preview:large","max-video-preview":"max-video-preview:-1"},"canonical":"https:\/\/my-iq-tester.com\/blog\/es\/que-es-el-ci\/","og_locale":"es_ES","og_type":"article","og_title":"\u00bfQu\u00e9 es el CI? - My IQ Tester","og_description":"El CI (cociente intelectual), en general, es una evaluaci\u00f3n de su capacidad de pensar y razonar. La puntuaci\u00f3n del CI es una forma estandarizada de comparar esta capacidad con la mayor\u00eda de las personas de tu misma edad. Una puntuaci\u00f3n de 100 significa que, en comparaci\u00f3n con las personas de tu edad, tienes una inteligencia&hellip;&nbsp;","og_url":"https:\/\/my-iq-tester.com\/blog\/es\/que-es-el-ci\/","og_site_name":"My IQ Tester","article_modified_time":"2022-05-30T19:01:43+00:00","og_image":[{"width":512,"height":512,"url":"https:\/\/my-iq-tester.com\/blog\/wp-content\/uploads\/2026\/01\/cropped-logo-1.png","type":"image\/png"}],"twitter_card":"summary_large_image","twitter_misc":{"Tiempo de lectura":"1 minuto"},"schema":{"@context":"https:\/\/schema.org","@graph":[{"@type":"WebPage","@id":"https:\/\/my-iq-tester.com\/blog\/es\/que-es-el-ci\/","url":"https:\/\/my-iq-tester.com\/blog\/es\/que-es-el-ci\/","name":"\u00bfQu\u00e9 es el CI? - My IQ Tester","isPartOf":{"@id":"https:\/\/my-iq-tester.com\/blog\/#website"},"datePublished":"2022-05-29T19:18:53+00:00","dateModified":"2022-05-30T19:01:43+00:00","breadcrumb":{"@id":"https:\/\/my-iq-tester.com\/blog\/es\/que-es-el-ci\/#breadcrumb"},"inLanguage":"es","potentialAction":[{"@type":"ReadAction","target":["https:\/\/my-iq-tester.com\/blog\/es\/que-es-el-ci\/"]}]},{"@type":"BreadcrumbList","@id":"https:\/\/my-iq-tester.com\/blog\/es\/que-es-el-ci\/#breadcrumb","itemListElement":[{"@type":"ListItem","position":1,"name":"Portada","item":"https:\/\/my-iq-tester.com\/blog\/"},{"@type":"ListItem","position":2,"name":"\u00bfQu\u00e9 es el CI?"}]},{"@type":"WebSite","@id":"https:\/\/my-iq-tester.com\/blog\/#website","url":"https:\/\/my-iq-tester.com\/blog\/","name":"My IQ Tester","description":"Take IQ test 2026 now using The most accurate official IQ test available online. Test your IQ and get your results immediately.","publisher":{"@id":"https:\/\/my-iq-tester.com\/blog\/#organization"},"alternateName":"MyIQTester","potentialAction":[{"@type":"SearchAction","target":{"@type":"EntryPoint","urlTemplate":"https:\/\/my-iq-tester.com\/blog\/?s={search_term_string}"},"query-input":{"@type":"PropertyValueSpecification","valueRequired":true,"valueName":"search_term_string"}}],"inLanguage":"es"},{"@type":"Organization","@id":"https:\/\/my-iq-tester.com\/blog\/#organization","name":"MyIQTester","url":"https:\/\/my-iq-tester.com\/blog\/","logo":{"@type":"ImageObject","inLanguage":"es","@id":"https:\/\/my-iq-tester.com\/blog\/#\/schema\/logo\/image\/","url":"https:\/\/my-iq-tester.com\/blog\/wp-content\/uploads\/2022\/05\/logo.png","contentUrl":"https:\/\/my-iq-tester.com\/blog\/wp-content\/uploads\/2022\/05\/logo.png","width":261,"height":261,"caption":"MyIQTester"},"image":{"@id":"https:\/\/my-iq-tester.com\/blog\/#\/schema\/logo\/image\/"}}]}},"_links":{"self":[{"href":"https:\/\/my-iq-tester.com\/blog\/wp-json\/wp\/v2\/pages\/16","targetHints":{"allow":["GET"]}}],"collection":[{"href":"https:\/\/my-iq-tester.com\/blog\/wp-json\/wp\/v2\/pages"}],"about":[{"href":"https:\/\/my-iq-tester.com\/blog\/wp-json\/wp\/v2\/types\/page"}],"author":[{"embeddable":true,"href":"https:\/\/my-iq-tester.com\/blog\/wp-json\/wp\/v2\/users\/1"}],"replies":[{"embeddable":true,"href":"https:\/\/my-iq-tester.com\/blog\/wp-json\/wp\/v2\/comments?post=16"}],"version-history":[{"count":0,"href":"https:\/\/my-iq-tester.com\/blog\/wp-json\/wp\/v2\/pages\/16\/revisions"}],"wp:attachment":[{"href":"https:\/\/my-iq-tester.com\/blog\/wp-json\/wp\/v2\/media?parent=16"}],"curies":[{"name":"wp","href":"https:\/\/api.w.org\/{rel}","templated":true}]}}